{"id":31,"date":"2025-05-04T18:29:27","date_gmt":"2025-05-04T18:29:27","guid":{"rendered":"https:\/\/www.kuerz-fessele.de\/?page_id=31"},"modified":"2025-05-05T09:51:52","modified_gmt":"2025-05-05T09:51:52","slug":"datenschutz","status":"publish","type":"page","link":"https:\/\/www.kuerz-fessele.de\/index.php\/datenschutz\/","title":{"rendered":"Datenschutz"},"content":{"rendered":"\n<p>Martin K\u00fcrz-Fessele<br>Am Steineberg 2<br>DE-77978 Schuttertal<\/p>\n\n\n\n<p>Telfon: +49(0)176-74043744<br>E-Mail: kuerzm@kuerz-fessele.de<\/p>\n\n\n\n<p>(Im Folgenden: \u201eWir\u201c) ist als Betreiber der Website http:\/\/www.kuerz-fessele.de\/ die verantwortliche Stelle f\u00fcr die personenbezogenen Daten der Nutzer (Im Folgenden: \u201eSie\u201c) der Website im Sinne des Bundesdatenschutzgesetzes (\u201eBDSG\u201c).<\/p>\n\n\n\n<p>Wir sch\u00fctzen Ihre Privatsph\u00e4re und Ihre privaten Daten. Wir erheben, verarbeiten und nutzen Ihre personenbezogenen Daten in \u00dcbereinstimmung mit dem Inhalt dieser Datenschutzbestimmungen sowie den anwendbaren deutschen Datenschutzgesetzen, insbesondere dem BDSG sowie dem Telemediengesetz (\u201eTMG\u201c).<\/p>\n\n\n\n<p>In diesen Datenschutzbestimmungen wird geregelt, welche personenbezogenen Daten wir \u00fcber Sie erheben, verarbeiten und nutzen. Wir bitten Sie daher, die nachfolgenden Ausf\u00fchrungen sorgf\u00e4ltig durchzulesen.<\/p>\n\n\n\n<ol class=\"wp-block-list\">\n<li>Erheben personenbezogener Daten<\/li>\n<\/ol>\n\n\n\n<p>1.1 Personenbezogene Daten im Sinne dieser Datenschutzbestimmungen sind Einzelangaben \u00fcber Ihre pers\u00f6nlichen oder sachlichen Verh\u00e4ltnisse. Hierzu z\u00e4hlen insbesondere Ihr Name, Ihre E-Mail-Adresse und ggf. Ihre Adresse und Ihre Telefonnummer.<\/p>\n\n\n\n<p>1.2 Zu den personenbezogenen Daten z\u00e4hlen auch Informationen \u00fcber Ihre Nutzung unserer Website. In diesem Zusammenhang erheben wir personenbezogene Daten wie folgt von Ihnen: Informationen \u00fcber Ihre Besuche unserer Website wie bspw. Umfang des Datentransfers, den Ort, von dem aus Sie Daten von unserer Website abrufen sowie andere Verbindungsdaten und Quellen, die Sie abrufen. Dies geschieht in der Regel durch die Verwendung von Logfiles und Cookies. N\u00e4here Information zu Logfiles und Cookies erhalten Sie weiter unten.<\/p>\n\n\n\n<ol start=\"2\" class=\"wp-block-list\">\n<li>Verwendungszweck<\/li>\n<\/ol>\n\n\n\n<p>Wir verwenden Ihre personenbezogenen Daten zu folgenden Zwecken:<\/p>\n\n\n\n<p>2.1 Um die von Ihnen gew\u00fcnschten Dienste [Erhalt und Bearbeitung Ihrer online gestellten Anfrage oder Mitteilungen \u00fcber das Kontaktanfrage-Formular, Erhalt und Bearbeitung von Bestellungen und Reservierungen, Erhalt und Bearbeitung von Fragen, Mitteilungen und Angeboten &#8211; auch per Telefon\/ E-Mail] zu erbringen;<\/p>\n\n\n\n<p>2.2 Um sicherzustellen, dass unsere Website in m\u00f6glichst effektiver und interessanter Weise Ihnen gegen\u00fcber pr\u00e4sentiert wird [z.B. Speicherung von Anzeigepr\u00e4ferenzen];<\/p>\n\n\n\n<p>2.3 Um unseren Verpflichtungen aus etwaigen zwischen Ihnen und uns geschlossenen Vertr\u00e4gen nachzukommen;<\/p>\n\n\n\n<p>2.4 Um Ihnen die Teilnahme an interaktiven Angeboten zu erm\u00f6glichen, sofern Sie dies w\u00fcnschen;<\/p>\n\n\n\n<p>2.5 Um Sie \u00fcber \u00c4nderungen unserer Leistungen zu informieren.<\/p>\n\n\n\n<ol start=\"3\" class=\"wp-block-list\">\n<li>Informationen \u00fcber Ihren Computer, Cookies und Targeting<\/li>\n<\/ol>\n\n\n\n<p>3.1 Bei jedem Zugriff auf unsere Seite erheben wir folgende Informationen \u00fcber Ihren Computer: Die IP-Adresse Ihres Computers, die Anfrage Ihres Browsers sowie die Zeit dieser Anfrage. Au\u00dferdem werden der Status und die \u00fcbertragene Datenmenge im Rahmen dieser Anfrage erfasst. Wir erheben auch Produkt- und Versionsinformationen \u00fcber den verwendeten Browser und das Betriebssystem ihres Computers. Wir erfassen weiter, von welcher Website aus der Zugriff auf unsere Seite erfolgte. Die IP-Adresse Ihres Computers wird dabei f\u00fcr die Zeit Ihrer Nutzung der Website und im Anschluss daran 28 Tage gespeichert, anschlie\u00dfend unverz\u00fcglich gel\u00f6scht. Die \u00fcbrigen Daten werden f\u00fcr eine begrenzte Zeitdauer von 28 Tagen gespeichert. Wir verwenden diese Daten f\u00fcr den Betrieb unserer Website, insbesondere um Fehler der Website festzustellen und zu beseitigen, um die Auslastung der Website festzustellen und um Anpassungen oder Verbesserungen vorzunehmen.<\/p>\n\n\n\n<p>Sofern Sie Formulardaten z.B. \u00fcber das Kontaktanfrage-Formular eingeben, werden diese in unserer Datenbank gespeichert und archiviert. Formulardaten werden nicht automatisiert gel\u00f6scht.<\/p>\n\n\n\n<p>3.2 Unter Umst\u00e4nden erheben wir au\u00dferdem Informationen \u00fcber Ihre Nutzung unserer Website durch die Verwendung sog. Session-Cookies. Dies sind kleine Textdateien, die auf Ihrem Datentr\u00e4ger gespeichert werden und die bestimmte Einstellungen und Daten zum Austausch mit unserem System \u00fcber Ihren Browser speichern. Ein Cookie enth\u00e4lt in der Regel den Namen der Domain, von der die Cookie-Daten gesendet wurden sowie Informationen \u00fcber das Alter des Cookies und ein alphanumerisches Identifizierungszeichen. Cookies erm\u00f6glichen unseren Systemen, das Ger\u00e4t des Nutzers zu erkennen und eventuelle Voreinstellungen sofort verf\u00fcgbar zu machen. Sobald ein Nutzer auf die Plattform zugreift, wird ein Cookie auf die Festplatte des Computers des jeweiligen Nutzers \u00fcbermittelt. Cookies helfen uns, unsere Website zu verbessern und Ihnen einen besseren und noch mehr auf Sie zugeschnittenen Service anbieten zu k\u00f6nnen. Sie erm\u00f6glichen uns, Ihren Computer wieder zu erkennen, wenn Sie auf unsere Website zur\u00fcckkehren und dadurch:<\/p>\n\n\n\n<p>\u2013 Informationen \u00fcber Ihre bevorzugten Aktivit\u00e4ten auf der Website zu speichern und so unsere Website an Ihren individuellen Interessen auszurichten. Dies beinhaltet bspw. Werbung, die Ihren pers\u00f6nlichen Interessen entspricht;<\/p>\n\n\n\n<p>\u2013 Die Geschwindigkeit der Abwicklung Ihrer Anfragen zu beschleunigen;<\/p>\n\n\n\n<p>3.3 In den von uns verwendeten Cookies werden lediglich die oben erl\u00e4uterten Daten \u00fcber Ihre Nutzung der Website gespeichert. Dies erfolgt nicht durch eine Zuordnung zu Ihnen pers\u00f6nlich, sondern durch Zuweisung einer Identifikationsnummer zu dem Cookie (\u201eSession-ID\u201c). Eine Zusammenf\u00fchrung der Cookie-ID mit Ihrem Namen, Ihrer IP-Adresse oder mit \u00e4hnlichen Daten, die eine Zuordnung des Cookies zu Ihnen erm\u00f6glichen w\u00fcrden, erfolgt nicht. Wie Sie den Einsatz von Browser-Cookies unterbinden k\u00f6nnen, erfahren Sie unter Ziffer 3.4.<\/p>\n\n\n\n<p>3.4 Sollten Sie eine Verwendung von Browser-Cookies nicht w\u00fcnschen, k\u00f6nnen Sie Ihren Browser so einstellen, dass eine Speicherung von Cookies nicht akzeptiert wird. Bitte beachten Sie, dass Sie unsere Website in diesem Fall ggf. nur eingeschr\u00e4nkt oder gar nicht nutzen k\u00f6nnen. Wenn Sie nur unsere eigenen Cookies, nicht aber die Cookies unserer Dienstleister und Partner akzeptieren wollen, k\u00f6nnen Sie die Einstellung in Ihrem Browser \u201eCookies von Drittanbietern blockieren\u201c w\u00e4hlen.<\/p>\n\n\n\n<ol start=\"4\" class=\"wp-block-list\">\n<li>Datensicherheit<\/li>\n<\/ol>\n\n\n\n<p>Alle Informationen, die Sie an uns \u00fcbermitteln, werden auf Servern innerhalb der Europ\u00e4ischen Union gespeichert. Leider ist die \u00dcbertragung von Informationen \u00fcber das Internet nicht vollst\u00e4ndig sicher, weshalb wir die Sicherheit der \u00fcber das Internet an unserer Website \u00fcbermittelten Daten nicht garantieren k\u00f6nnen. Wir sichern unsere Website und sonstigen Systeme jedoch durch technische und organisatorische Ma\u00dfnahmen gegen Verlust, Zerst\u00f6rung, Zugriff, Ver\u00e4nderung oder Verbreitung Ihrer Daten durch unbefugte Personen ab. Insbesondere werden Ihre pers\u00f6nlichen Daten bei uns verschl\u00fcsselt \u00fcbertragen. Wir bedienen uns dabei des Codierungssystems SSL (Secure Socket Layer) [bzw. TLS (Transport Layer Security)].<\/p>\n\n\n\n<ol start=\"5\" class=\"wp-block-list\">\n<li>Keine Weitergabe Ihrer personenbezogenen Daten<\/li>\n<\/ol>\n\n\n\n<p>Wir geben Ihre personenbezogenen Daten nicht an Dritte weiter, es sei denn, Sie haben in die Datenweitergabe eingewilligt oder wir sind aufgrund gesetzlicher Bestimmungen und\/oder beh\u00f6rdlicher oder gerichtlicher Anordnungen zu einer Datenweitergabe berechtigt oder verpflichtet. Dabei kann es sich insbesondere um die Auskunftserteilung f\u00fcr Zwecke der Strafverfolgung, zur Gefahrenabwehr oder zur Durchsetzung geistiger Eigentumsrechte handeln.<\/p>\n\n\n\n<ol start=\"6\" class=\"wp-block-list\">\n<li>Datenschutz und Websites Dritter<\/li>\n<\/ol>\n\n\n\n<p>Die Website kann Hyperlinks zu und von Websites Dritter enthalten. Wenn Sie einem Hyperlink zu einer dieser Websites folgen, beachten Sie bitte, dass wir keine Verantwortung oder Gew\u00e4hr f\u00fcr fremde Inhalte oder Datenschutzbedingungen \u00fcbernehmen k\u00f6nnen. Bitte vergewissern Sie sich \u00fcber die jeweils geltenden Datenschutzbedingungen, bevor Sie personenbezogene Daten an diese Websites \u00fcbermitteln.<\/p>\n\n\n\n<ol start=\"7\" class=\"wp-block-list\">\n<li>\u00c4nderungen dieser Datenschutzbestimmungen<\/li>\n<\/ol>\n\n\n\n<p>Wir behalten uns das Recht vor, diese Datenschutzbestimmungen jederzeit mit Wirkung f\u00fcr die Zukunft zu \u00e4ndern. Eine jeweils aktuelle Version ist auf unserer Website verf\u00fcgbar. Bitte suchen Sie die Website regelm\u00e4\u00dfig auf und informieren Sie sich \u00fcber die geltenden Datenschutzbestimmungen.<\/p>\n\n\n\n<ol start=\"8\" class=\"wp-block-list\">\n<li>Ihre Rechte und Kontakt<\/li>\n<\/ol>\n\n\n\n<p>Sie k\u00f6nnen Ihre personenbezogenen Daten jederzeit kostenlos einsehen und ggf. deren Berichtigung und\/oder L\u00f6schung und\/oder Sperrung verlangen. Zu diesem Zweck und\/oder um n\u00e4here Informationen hier\u00fcber zu erhalten, wenden Sie sich an uns \u00fcber [webservice@kuerz-fessele.de] oder an die vor Ziffer 1 genannte Adresse. Sollten Sie Fragen, Kommentare oder Anfragen bez\u00fcglich der Erhebung, Verarbeitung und Nutzung Ihrer personenbezogenen Daten durch uns haben, wenden Sie sich bitte ebenfalls an uns unter den angegebenen Kontaktdaten.<\/p>\n","protected":false},"excerpt":{"rendered":"<p>Martin K\u00fcrz-FesseleAm Steineberg 2DE-77978 Schuttertal Telfon: +49(0)176-74043744E-Mail: kuerzm@kuerz-fessele.de (Im Folgenden: \u201eWir\u201c) ist als Betreiber der Website http:\/\/www.kuerz-fessele.de\/ die verantwortliche Stelle f\u00fcr die personenbezogenen Daten der Nutzer (Im Folgenden: \u201eSie\u201c) der Website im Sinne des Bundesdatenschutzgesetzes (\u201eBDSG\u201c). Wir sch\u00fctzen Ihre Privatsph\u00e4re und Ihre privaten Daten. Wir erheben, verarbeiten und nutzen Ihre personenbezogenen Daten in \u00dcbereinstimmung mit [&hellip;]<\/p>\n","protected":false},"author":1,"featured_media":0,"parent":0,"menu_order":0,"comment_status":"closed","ping_status":"closed","template":"","meta":{"footnotes":""},"class_list":["post-31","page","type-page","status-publish","hentry"],"jetpack_sharing_enabled":true,"_links":{"self":[{"href":"https:\/\/www.kuerz-fessele.de\/index.php\/wp-json\/wp\/v2\/pages\/31","targetHints":{"allow":["GET"]}}],"collection":[{"href":"https:\/\/www.kuerz-fessele.de\/index.php\/wp-json\/wp\/v2\/pages"}],"about":[{"href":"https:\/\/www.kuerz-fessele.de\/index.php\/wp-json\/wp\/v2\/types\/page"}],"author":[{"embeddable":true,"href":"https:\/\/www.kuerz-fessele.de\/index.php\/wp-json\/wp\/v2\/users\/1"}],"replies":[{"embeddable":true,"href":"https:\/\/www.kuerz-fessele.de\/index.php\/wp-json\/wp\/v2\/comments?post=31"}],"version-history":[{"count":3,"href":"https:\/\/www.kuerz-fessele.de\/index.php\/wp-json\/wp\/v2\/pages\/31\/revisions"}],"predecessor-version":[{"id":46,"href":"https:\/\/www.kuerz-fessele.de\/index.php\/wp-json\/wp\/v2\/pages\/31\/revisions\/46"}],"wp:attachment":[{"href":"https:\/\/www.kuerz-fessele.de\/index.php\/wp-json\/wp\/v2\/media?parent=31"}],"curies":[{"name":"wp","href":"https:\/\/api.w.org\/{rel}","templated":true}]}}